{"id":621,"date":"2021-12-08T17:17:16","date_gmt":"2021-12-08T20:17:16","guid":{"rendered":"http:\/\/novo.nextday.com.br\/?page_id=621"},"modified":"2021-12-09T13:31:10","modified_gmt":"2021-12-09T16:31:10","slug":"politicas-de-privacidade","status":"publish","type":"page","link":"https:\/\/nextday.com.br\/index.php\/politicas-de-privacidade\/","title":{"rendered":"Pol\u00edticas de privacidade"},"content":{"rendered":"\t\t<div data-elementor-type=\"wp-page\" data-elementor-id=\"621\" class=\"elementor elementor-621\">\n\t\t\t\t\t\t<section class=\"elementor-section elementor-top-section elementor-element elementor-element-122bd3b elementor-section-boxed elementor-section-height-default elementor-section-height-default\" data-id=\"122bd3b\" data-element_type=\"section\" data-e-type=\"section\">\n\t\t\t\t\t\t<div class=\"elementor-container elementor-column-gap-default\">\n\t\t\t\t\t<div class=\"elementor-column elementor-col-100 elementor-top-column elementor-element elementor-element-d7714bc\" data-id=\"d7714bc\" data-element_type=\"column\" data-e-type=\"column\">\n\t\t\t<div class=\"elementor-widget-wrap elementor-element-populated\">\n\t\t\t\t\t\t<div class=\"elementor-element elementor-element-dfa0fe2 elementor-widget elementor-widget-text-editor\" data-id=\"dfa0fe2\" data-element_type=\"widget\" data-e-type=\"widget\" data-widget_type=\"text-editor.default\">\n\t\t\t\t<div class=\"elementor-widget-container\">\n\t\t\t\t\t\t\t\t\t<h1>Pol\u00edticas de Privacidade<\/h1><div data-id=\"99af7fb\" data-element_type=\"widget\" data-widget_type=\"text-editor.default\"><div><div><p>A prote\u00e7\u00e3o de dados \u00e9 uma quest\u00e3o de confian\u00e7a, sendo ela muito importante para sua privacidade. Ao processar dados pessoais, estamos cumprindo as disposi\u00e7\u00f5es legais de acordo com a lei n\u00ba 13.709, de Agosto de 2018,\u00a0<a href=\"https:\/\/www.planalto.gov.br\/ccivil_03\/_ato2015-2018\/2018\/lei\/L13709.htm\" target=\"_blank\" rel=\"noopener\">Lei Geral de Prote\u00e7\u00e3o de Dados Pessoais (LGPD)<\/a>.<\/p><p>Possuindo alguma d\u00favida ou coment\u00e1rio sobre nossas informa\u00e7\u00f5es de prote\u00e7\u00e3o de dados, entre em contato atrav\u00e9s do formul\u00e1rio abaixo, pelo e-mail\u00a0nextday@nextday.com.br, ou pelo telefone e WhatsApp\u00a0(21)97979-2728\u00a0de segunda a sexta das 8h as 18h.<\/p><\/div><\/div><\/div><div data-id=\"ed299a0\" data-element_type=\"widget\" data-widget_type=\"heading.default\"><div><h2>CONTROLADORES DE INFORMA\u00c7\u00d5ES PESSOAIS<\/h2><\/div><\/div><div data-id=\"35978fa\" data-element_type=\"widget\" data-widget_type=\"text-editor.default\"><div><div><p>Raz\u00e3o Social:\u00a0Nextday Strategic Consulting Ltda<br \/>CNPJ:\u00a011.269.144\/0001-64<\/p><p>Operador dos dados:\u00a0Nextday Strategic Consulting Ltda<\/p><p>Operador: pessoa natural ou jur\u00eddica, de direito p\u00fablico ou privado, que realiza o tratamento de dados pessoais em nome do controlador. Segue as diretrizes trazidas pelo controlador e trata os dados de acordo com as pol\u00edticas de privacidade referentes ao ordenamento jur\u00eddico.<\/p><p>Encarregado pelos dados:\u00a0Nextday Strategic Consulting Ltda<\/p><p>Encarregado: pessoa indicada pelo controlador e operador para atuar como canal de comunica\u00e7\u00e3o entre o controlador, os titulares dos dados e a Autoridade Nacional de Prote\u00e7\u00e3o de Dados (ANPD).<\/p><\/div><\/div><\/div><div data-id=\"ffc8403\" data-element_type=\"widget\" data-widget_type=\"heading.default\"><div><h2>SOBRE A COLETA DE DADOS<\/h2><\/div><\/div><div data-id=\"8b6d9b8\" data-element_type=\"widget\" data-widget_type=\"text-editor.default\"><div><div><p>As informa\u00e7\u00f5es s\u00e3o coletadas pelo site da seguinte forma:<\/p><p>Por meio do preenchimento do formul\u00e1rio de contato, emails e WhatsApp.<\/p><p>Toda opera\u00e7\u00e3o realizada com dados pessoais, como as que se referem \u00e0 coleta, produ\u00e7\u00e3o, recep\u00e7\u00e3o, classifica\u00e7\u00e3o, utiliza\u00e7\u00e3o, acesso, reprodu\u00e7\u00e3o, transmiss\u00e3o, distribui\u00e7\u00e3o, processamento, arquivamento, armazenamento, elimina\u00e7\u00e3o, avalia\u00e7\u00e3o ou controle da informa\u00e7\u00e3o, modifica\u00e7\u00e3o, comunica\u00e7\u00e3o, transfer\u00eancia, difus\u00e3o ou extra\u00e7\u00e3o.<\/p><p>1) Navega\u00e7\u00e3o no site. Quando voc\u00ea visita este site, \u00e9 inserido um \u201ccookie\u201d no seu navegador por meio do software Google Analytics para identificar quantas vezes voc\u00ea retorna ao nosso endere\u00e7o;<\/p><p>2) Coletadas, anonimamente, informa\u00e7\u00f5es como endere\u00e7o IP, localiza\u00e7\u00e3o geogr\u00e1fica, fonte de refer\u00eancia, tipo de navegador, dura\u00e7\u00e3o da visita e p\u00e1ginas visitadas.<\/p><\/div><\/div><\/div><div data-id=\"30489ef\" data-element_type=\"widget\" data-widget_type=\"heading.default\"><div><h2>USO DE INFORMA\u00c7\u00d5ES PESSOAIS<\/h2><\/div><\/div><div data-id=\"0f8c061\" data-element_type=\"widget\" data-widget_type=\"text-editor.default\"><div><div><p>O site coleta informa\u00e7\u00f5es \u00fanica e exclusivamente para contato direto com seus usu\u00e1rios por meio de formul\u00e1rios.<\/p><p>Os dados dos usu\u00e1rios n\u00e3o ser\u00e3o utilizados para fins de marketing sem que o usu\u00e1rio permita em algum formul\u00e1rio que ele venha a preencher neste site. Caso o site deseja utilizar os dados pessoas para fins de marketing ser\u00e1 solicitado o consentimento do titular, o qual sem ele n\u00e3o ser\u00e1 permitido \u00e0 utiliza\u00e7\u00e3o.<\/p><p>As informa\u00e7\u00f5es pessoais ser\u00e3o visualizadas apenas pelos profissionais desta empresa, observando a boa-f\u00e9 e zelando pelos seguintes princ\u00edpios:<\/p><p>I \u2013 Finalidade: realiza\u00e7\u00e3o do tratamento para prop\u00f3sitos leg\u00edtimos, espec\u00edficos, expl\u00edcitos e informados ao titular, sem possibilidade de tratamento posterior de forma incompat\u00edvel com essas finalidades;<\/p><p>II \u2013 Adequa\u00e7\u00e3o: compatibilidade do tratamento com as finalidades informadas ao titular, de acordo com o contexto do tratamento;<\/p><p>III \u2013 Necessidade: limita\u00e7\u00e3o do tratamento ao m\u00ednimo necess\u00e1rio para a realiza\u00e7\u00e3o de suas finalidades, com abrang\u00eancia dos dados pertinentes, proporcionais e n\u00e3o excessivos em rela\u00e7\u00e3o \u00e0s finalidades do tratamento de dados;<\/p><p>IV \u2013 Livre Acesso: garantia, aos titulares, de consulta facilitada e gratuita sobre a forma e a dura\u00e7\u00e3o do tratamento, bem como sobre a integralidade de seus dados pessoais;<\/p><p>V \u2013 Qualidade dos Dados: garantia, aos titulares, de exatid\u00e3o, clareza, relev\u00e2ncia e atualiza\u00e7\u00e3o dos dados, de acordo com a necessidade e para o cumprimento da finalidade de seu tratamento;<\/p><p>VI \u2013 Transpar\u00eancia: garantia, aos titulares, de informa\u00e7\u00f5es claras, precisas e facilmente acess\u00edveis sobre a realiza\u00e7\u00e3o do tratamento e os respectivos agentes de tratamento, observados os segredos comercial e industrial;<\/p><p>VII \u2013 Seguran\u00e7a: utiliza\u00e7\u00e3o de medidas t\u00e9cnicas e administrativas aptas a proteger os dados pessoais de acessos n\u00e3o autorizados e de situa\u00e7\u00f5es acidentais ou il\u00edcitas de destrui\u00e7\u00e3o, perda, altera\u00e7\u00e3o, comunica\u00e7\u00e3o ou difus\u00e3o;<\/p><p>VIII \u2013 Preven\u00e7\u00e3o: ado\u00e7\u00e3o de medidas para prevenir a ocorr\u00eancia de danos em virtude do tratamento de dados pessoais;<\/p><p>IX \u2013 N\u00e3o Discrimina\u00e7\u00e3o: impossibilidade de realiza\u00e7\u00e3o do tratamento para fins discriminat\u00f3rios il\u00edcitos ou abusivos;<\/p><p>X \u2013 Responsabiliza\u00e7\u00e3o e Presta\u00e7\u00e3o de Contas: demonstra\u00e7\u00e3o, pelo agente, da ado\u00e7\u00e3o de medidas eficazes e capazes de comprovar a observ\u00e2ncia e o cumprimento das normas de prote\u00e7\u00e3o de dados pessoais e, inclusive, da efic\u00e1cia dessas medidas.<\/p><\/div><\/div><\/div><div data-id=\"e588b39\" data-element_type=\"widget\" data-widget_type=\"heading.default\"><div><h2>REQUISITOS PARA O TRATAMENTO DE DADOS PESSOAIS<\/h2><\/div><\/div><div data-id=\"959e6a2\" data-element_type=\"widget\" data-widget_type=\"text-editor.default\"><div><div><p>O tratamento de dados pessoais ser\u00e1 realizado mediante o fornecimento de consentimento pelo titular;<\/p><p>O consentimento do titular ser\u00e1 fornecido por meio do preenchimento de formul\u00e1rio, no qual demonstre a manifesta\u00e7\u00e3o de vontade do titular.<\/p><p>O consentimento pode ser revogado a qualquer momento mediante manifesta\u00e7\u00e3o expressa do titular, por procedimento gratuito e facilitado.<\/p><\/div><\/div><\/div><div data-id=\"ac3fdf4\" data-element_type=\"widget\" data-widget_type=\"heading.default\"><div><h2>CANCELAMENTO DA ASSINATURA<\/h2><\/div><\/div><div data-id=\"04deb9d\" data-element_type=\"widget\" data-widget_type=\"text-editor.default\"><div><div><p>O t\u00e9rmino do tratamento de dados pessoais ocorrer\u00e1 com a verifica\u00e7\u00e3o de que a finalidade foi alcan\u00e7ada ou de que os dados deixaram de ser necess\u00e1rios ou pertinentes ao alcance da finalidade espec\u00edfica almejada.<\/p><p>Sendo que os dados pessoais ser\u00e3o eliminados ap\u00f3s o t\u00e9rmino de seu tratamento, no \u00e2mbito e nos limites t\u00e9cnicos das atividades autorizados a conserva\u00e7\u00e3o para o cumprimento de obriga\u00e7\u00e3o legal ou regulat\u00f3ria pelo controlador.<\/p><\/div><\/div><\/div><div data-id=\"8bb86c7\" data-element_type=\"widget\" data-widget_type=\"heading.default\"><div><h2>ALTERA\u00c7\u00d5ES NA POL\u00cdTICA DE PRIVACIDADE<\/h2><\/div><\/div><div data-id=\"0bcff7e\" data-element_type=\"widget\" data-widget_type=\"text-editor.default\"><div><div><p>Em caso de altera\u00e7\u00e3o de informa\u00e7\u00e3o, o controlador dever\u00e1 informar ao titular, com destaque de forma espec\u00edfica do teor das altera\u00e7\u00f5es, podendo o titular, nos casos em que o seu consentimento \u00e9 exigido, revog\u00e1-lo caso discorde da altera\u00e7\u00e3o.<\/p><\/div><\/div><\/div><div data-id=\"cd47fcc\" data-element_type=\"widget\" data-widget_type=\"text-editor.default\"><div><div><p>\u00daltima atualiza\u00e7\u00e3o: 09\/12\/2021<\/p><\/div><\/div><\/div>\t\t\t\t\t\t\t\t<\/div>\n\t\t\t\t<\/div>\n\t\t\t\t\t<\/div>\n\t\t<\/div>\n\t\t\t\t\t<\/div>\n\t\t<\/section>\n\t\t\t\t<\/div>\n\t\t","protected":false},"excerpt":{"rendered":"<p>Pol\u00edticas de Privacidade A prote\u00e7\u00e3o de dados \u00e9 uma quest\u00e3o de confian\u00e7a, sendo ela muito importante para sua privacidade. Ao processar dados pessoais, estamos cumprindo as disposi\u00e7\u00f5es legais de acordo com a lei n\u00ba 13.709, de Agosto de 2018,&nbsp;Lei Geral de Prote\u00e7\u00e3o de Dados Pessoais (LGPD). Possuindo alguma d\u00favida ou coment\u00e1rio sobre nossas informa\u00e7\u00f5es de [&hellip;]<\/p>\n","protected":false},"author":2,"featured_media":438,"parent":0,"menu_order":0,"comment_status":"closed","ping_status":"closed","template":"","meta":{"footnotes":""},"class_list":["post-621","page","type-page","status-publish","has-post-thumbnail","hentry"],"_links":{"self":[{"href":"https:\/\/nextday.com.br\/index.php\/wp-json\/wp\/v2\/pages\/621","targetHints":{"allow":["GET"]}}],"collection":[{"href":"https:\/\/nextday.com.br\/index.php\/wp-json\/wp\/v2\/pages"}],"about":[{"href":"https:\/\/nextday.com.br\/index.php\/wp-json\/wp\/v2\/types\/page"}],"author":[{"embeddable":true,"href":"https:\/\/nextday.com.br\/index.php\/wp-json\/wp\/v2\/users\/2"}],"replies":[{"embeddable":true,"href":"https:\/\/nextday.com.br\/index.php\/wp-json\/wp\/v2\/comments?post=621"}],"version-history":[{"count":8,"href":"https:\/\/nextday.com.br\/index.php\/wp-json\/wp\/v2\/pages\/621\/revisions"}],"predecessor-version":[{"id":689,"href":"https:\/\/nextday.com.br\/index.php\/wp-json\/wp\/v2\/pages\/621\/revisions\/689"}],"wp:featuredmedia":[{"embeddable":true,"href":"https:\/\/nextday.com.br\/index.php\/wp-json\/wp\/v2\/media\/438"}],"wp:attachment":[{"href":"https:\/\/nextday.com.br\/index.php\/wp-json\/wp\/v2\/media?parent=621"}],"curies":[{"name":"wp","href":"https:\/\/api.w.org\/{rel}","templated":true}]}}